{"id":41,"date":"2022-06-04T10:59:59","date_gmt":"2022-06-04T08:59:59","guid":{"rendered":"https:\/\/www.pondprotect.com\/?post_type=product&#038;p=41"},"modified":"2026-03-15T17:43:57","modified_gmt":"2026-03-15T16:43:57","slug":"pondprotect-barriere-flottante-toile-daraignee-pack-de-10pieces-solution-efficace-contre-les-herons","status":"publish","type":"product","link":"https:\/\/www.pondprotect.com\/index.php\/produit\/pondprotect-barriere-flottante-toile-daraignee-pack-de-10pieces-solution-efficace-contre-les-herons\/","title":{"rendered":"PondProtect &#8211; Barriere flottante \u00ab\u00a0toile d&rsquo;araign\u00e9e\u00a0\u00bb &#8211; Pack de 10pi\u00e8ces &#8211; Solution efficace contre les h\u00e9rons"},"content":{"rendered":"<p>Pack de 10 grilles flottantes \u00e0 assembler qui recouvrement votre \u00e9tang.\u00a0 Il s&rsquo;agit d&rsquo;un lot de 10 grilles facile \u00e0 installer.\u00a0Le syst\u00e8me de protection de bassin flottant est facile \u00e0 installer et rapide \u00e0 installer, et il peut en effet prot\u00e9ger votre \u00e9tang des chats\/h\u00e9rons et autres ennemis naturels (le clip attach\u00e9 est facile \u00e0 installer et \u00e0 utiliser).<\/p>\n","protected":false},"excerpt":{"rendered":"<p>Pack de 10 grilles flottantes \u00e0 assembler qui recouvrement votre \u00e9tang.\u00a0 Il s&rsquo;agit d&rsquo;un lot de 10 grilles facile \u00e0 installer.\u00a0Le syst\u00e8me de protection de bassin flottant est facile \u00e0&#8230;<\/p>\n","protected":false},"featured_media":52,"comment_status":"open","ping_status":"closed","template":"","meta":[],"product_cat":[20],"product_tag":[],"yoast_head":"<!-- This site is optimized with the Yoast SEO plugin v19.0 - https:\/\/yoast.com\/wordpress\/plugins\/seo\/ -->\n<title>PondProtect - Barriere flottante &quot;toile d&#039;araign\u00e9e&quot; - Pack de 10pi\u00e8ces - Solution efficace contre les h\u00e9rons - The PondProtect<\/title>\n<meta name=\"robots\" content=\"index, follow, max-snippet:-1, max-image-preview:large, max-video-preview:-1\" \/>\n<link rel=\"canonical\" href=\"https:\/\/www.pondprotect.com\/index.php\/produit\/pondprotect-barriere-flottante-toile-daraignee-pack-de-10pieces-solution-efficace-contre-les-herons\/\" \/>\n<meta property=\"og:locale\" content=\"fr_FR\" \/>\n<meta property=\"og:type\" content=\"article\" \/>\n<meta property=\"og:title\" content=\"PondProtect - Barriere flottante &quot;toile d&#039;araign\u00e9e&quot; - Pack de 10pi\u00e8ces - Solution efficace contre les h\u00e9rons - The PondProtect\" \/>\n<meta property=\"og:description\" content=\"Pack de 10 grilles flottantes \u00e0 assembler qui recouvrement votre \u00e9tang.\u00a0 Il s&rsquo;agit d&rsquo;un lot de 10 grilles facile \u00e0 installer.\u00a0Le syst\u00e8me de protection de bassin flottant est facile \u00e0...\" \/>\n<meta property=\"og:url\" content=\"https:\/\/www.pondprotect.com\/index.php\/produit\/pondprotect-barriere-flottante-toile-daraignee-pack-de-10pieces-solution-efficace-contre-les-herons\/\" \/>\n<meta property=\"og:site_name\" content=\"The PondProtect\" \/>\n<meta property=\"article:modified_time\" content=\"2026-03-15T16:43:57+00:00\" \/>\n<meta property=\"og:image\" content=\"https:\/\/www.pondprotect.com\/wp-content\/uploads\/2022\/06\/PONDPROTECT_10-1.jpg\" \/>\n\t<meta property=\"og:image:width\" content=\"1500\" \/>\n\t<meta property=\"og:image:height\" content=\"1500\" \/>\n\t<meta property=\"og:image:type\" content=\"image\/jpeg\" \/>\n<meta name=\"twitter:card\" content=\"summary_large_image\" \/>\n<meta name=\"twitter:label1\" content=\"Dur\u00e9e de lecture estim\u00e9e\" \/>\n\t<meta name=\"twitter:data1\" content=\"1 minute\" \/>\n<script type=\"application\/ld+json\" class=\"yoast-schema-graph\">{\"@context\":\"https:\/\/schema.org\",\"@graph\":[{\"@type\":\"WebSite\",\"@id\":\"https:\/\/www.pondprotect.com\/#website\",\"url\":\"https:\/\/www.pondprotect.com\/\",\"name\":\"The PondProtect\",\"description\":\"Protect your fish easily\",\"potentialAction\":[{\"@type\":\"SearchAction\",\"target\":{\"@type\":\"EntryPoint\",\"urlTemplate\":\"https:\/\/www.pondprotect.com\/?s={search_term_string}\"},\"query-input\":\"required name=search_term_string\"}],\"inLanguage\":\"fr-FR\"},{\"@type\":\"ImageObject\",\"inLanguage\":\"fr-FR\",\"@id\":\"https:\/\/www.pondprotect.com\/index.php\/produit\/pondprotect-barriere-flottante-toile-daraignee-pack-de-10pieces-solution-efficace-contre-les-herons\/#primaryimage\",\"url\":\"https:\/\/www.pondprotect.com\/wp-content\/uploads\/2022\/06\/PONDPROTECT_10-1.jpg\",\"contentUrl\":\"https:\/\/www.pondprotect.com\/wp-content\/uploads\/2022\/06\/PONDPROTECT_10-1.jpg\",\"width\":1500,\"height\":1500},{\"@type\":\"WebPage\",\"@id\":\"https:\/\/www.pondprotect.com\/index.php\/produit\/pondprotect-barriere-flottante-toile-daraignee-pack-de-10pieces-solution-efficace-contre-les-herons\/#webpage\",\"url\":\"https:\/\/www.pondprotect.com\/index.php\/produit\/pondprotect-barriere-flottante-toile-daraignee-pack-de-10pieces-solution-efficace-contre-les-herons\/\",\"name\":\"PondProtect - Barriere flottante \\\"toile d'araign\u00e9e\\\" - Pack de 10pi\u00e8ces - Solution efficace contre les h\u00e9rons - The PondProtect\",\"isPartOf\":{\"@id\":\"https:\/\/www.pondprotect.com\/#website\"},\"primaryImageOfPage\":{\"@id\":\"https:\/\/www.pondprotect.com\/index.php\/produit\/pondprotect-barriere-flottante-toile-daraignee-pack-de-10pieces-solution-efficace-contre-les-herons\/#primaryimage\"},\"datePublished\":\"2022-06-04T08:59:59+00:00\",\"dateModified\":\"2026-03-15T16:43:57+00:00\",\"breadcrumb\":{\"@id\":\"https:\/\/www.pondprotect.com\/index.php\/produit\/pondprotect-barriere-flottante-toile-daraignee-pack-de-10pieces-solution-efficace-contre-les-herons\/#breadcrumb\"},\"inLanguage\":\"fr-FR\",\"potentialAction\":[{\"@type\":\"ReadAction\",\"target\":[\"https:\/\/www.pondprotect.com\/index.php\/produit\/pondprotect-barriere-flottante-toile-daraignee-pack-de-10pieces-solution-efficace-contre-les-herons\/\"]}]},{\"@type\":\"BreadcrumbList\",\"@id\":\"https:\/\/www.pondprotect.com\/index.php\/produit\/pondprotect-barriere-flottante-toile-daraignee-pack-de-10pieces-solution-efficace-contre-les-herons\/#breadcrumb\",\"itemListElement\":[{\"@type\":\"ListItem\",\"position\":1,\"name\":\"Accueil\",\"item\":\"https:\/\/www.pondprotect.com\/\"},{\"@type\":\"ListItem\",\"position\":2,\"name\":\"Boutique\",\"item\":\"https:\/\/www.pondprotect.com\/index.php\/boutique\/\"},{\"@type\":\"ListItem\",\"position\":3,\"name\":\"PondProtect &#8211; Barriere flottante \u00ab\u00a0toile d&rsquo;araign\u00e9e\u00a0\u00bb &#8211; Pack de 10pi\u00e8ces &#8211; Solution efficace contre les h\u00e9rons\"}]}]}<\/script>\n<!-- \/ Yoast SEO plugin. -->","yoast_head_json":{"title":"PondProtect - Barriere flottante \"toile d'araign\u00e9e\" - Pack de 10pi\u00e8ces - Solution efficace contre les h\u00e9rons - The PondProtect","robots":{"index":"index","follow":"follow","max-snippet":"max-snippet:-1","max-image-preview":"max-image-preview:large","max-video-preview":"max-video-preview:-1"},"canonical":"https:\/\/www.pondprotect.com\/index.php\/produit\/pondprotect-barriere-flottante-toile-daraignee-pack-de-10pieces-solution-efficace-contre-les-herons\/","og_locale":"fr_FR","og_type":"article","og_title":"PondProtect - Barriere flottante \"toile d'araign\u00e9e\" - Pack de 10pi\u00e8ces - Solution efficace contre les h\u00e9rons - The PondProtect","og_description":"Pack de 10 grilles flottantes \u00e0 assembler qui recouvrement votre \u00e9tang.\u00a0 Il s&rsquo;agit d&rsquo;un lot de 10 grilles facile \u00e0 installer.\u00a0Le syst\u00e8me de protection de bassin flottant est facile \u00e0...","og_url":"https:\/\/www.pondprotect.com\/index.php\/produit\/pondprotect-barriere-flottante-toile-daraignee-pack-de-10pieces-solution-efficace-contre-les-herons\/","og_site_name":"The PondProtect","article_modified_time":"2026-03-15T16:43:57+00:00","og_image":[{"width":1500,"height":1500,"url":"https:\/\/www.pondprotect.com\/wp-content\/uploads\/2022\/06\/PONDPROTECT_10-1.jpg","type":"image\/jpeg"}],"twitter_card":"summary_large_image","twitter_misc":{"Dur\u00e9e de lecture estim\u00e9e":"1 minute"},"schema":{"@context":"https:\/\/schema.org","@graph":[{"@type":"WebSite","@id":"https:\/\/www.pondprotect.com\/#website","url":"https:\/\/www.pondprotect.com\/","name":"The PondProtect","description":"Protect your fish easily","potentialAction":[{"@type":"SearchAction","target":{"@type":"EntryPoint","urlTemplate":"https:\/\/www.pondprotect.com\/?s={search_term_string}"},"query-input":"required name=search_term_string"}],"inLanguage":"fr-FR"},{"@type":"ImageObject","inLanguage":"fr-FR","@id":"https:\/\/www.pondprotect.com\/index.php\/produit\/pondprotect-barriere-flottante-toile-daraignee-pack-de-10pieces-solution-efficace-contre-les-herons\/#primaryimage","url":"https:\/\/www.pondprotect.com\/wp-content\/uploads\/2022\/06\/PONDPROTECT_10-1.jpg","contentUrl":"https:\/\/www.pondprotect.com\/wp-content\/uploads\/2022\/06\/PONDPROTECT_10-1.jpg","width":1500,"height":1500},{"@type":"WebPage","@id":"https:\/\/www.pondprotect.com\/index.php\/produit\/pondprotect-barriere-flottante-toile-daraignee-pack-de-10pieces-solution-efficace-contre-les-herons\/#webpage","url":"https:\/\/www.pondprotect.com\/index.php\/produit\/pondprotect-barriere-flottante-toile-daraignee-pack-de-10pieces-solution-efficace-contre-les-herons\/","name":"PondProtect - Barriere flottante \"toile d'araign\u00e9e\" - Pack de 10pi\u00e8ces - Solution efficace contre les h\u00e9rons - The PondProtect","isPartOf":{"@id":"https:\/\/www.pondprotect.com\/#website"},"primaryImageOfPage":{"@id":"https:\/\/www.pondprotect.com\/index.php\/produit\/pondprotect-barriere-flottante-toile-daraignee-pack-de-10pieces-solution-efficace-contre-les-herons\/#primaryimage"},"datePublished":"2022-06-04T08:59:59+00:00","dateModified":"2026-03-15T16:43:57+00:00","breadcrumb":{"@id":"https:\/\/www.pondprotect.com\/index.php\/produit\/pondprotect-barriere-flottante-toile-daraignee-pack-de-10pieces-solution-efficace-contre-les-herons\/#breadcrumb"},"inLanguage":"fr-FR","potentialAction":[{"@type":"ReadAction","target":["https:\/\/www.pondprotect.com\/index.php\/produit\/pondprotect-barriere-flottante-toile-daraignee-pack-de-10pieces-solution-efficace-contre-les-herons\/"]}]},{"@type":"BreadcrumbList","@id":"https:\/\/www.pondprotect.com\/index.php\/produit\/pondprotect-barriere-flottante-toile-daraignee-pack-de-10pieces-solution-efficace-contre-les-herons\/#breadcrumb","itemListElement":[{"@type":"ListItem","position":1,"name":"Accueil","item":"https:\/\/www.pondprotect.com\/"},{"@type":"ListItem","position":2,"name":"Boutique","item":"https:\/\/www.pondprotect.com\/index.php\/boutique\/"},{"@type":"ListItem","position":3,"name":"PondProtect &#8211; Barriere flottante \u00ab\u00a0toile d&rsquo;araign\u00e9e\u00a0\u00bb &#8211; Pack de 10pi\u00e8ces &#8211; Solution efficace contre les h\u00e9rons"}]}]}},"_links":{"self":[{"href":"https:\/\/www.pondprotect.com\/index.php\/wp-json\/wp\/v2\/product\/41"}],"collection":[{"href":"https:\/\/www.pondprotect.com\/index.php\/wp-json\/wp\/v2\/product"}],"about":[{"href":"https:\/\/www.pondprotect.com\/index.php\/wp-json\/wp\/v2\/types\/product"}],"replies":[{"embeddable":true,"href":"https:\/\/www.pondprotect.com\/index.php\/wp-json\/wp\/v2\/comments?post=41"}],"wp:featuredmedia":[{"embeddable":true,"href":"https:\/\/www.pondprotect.com\/index.php\/wp-json\/wp\/v2\/media\/52"}],"wp:attachment":[{"href":"https:\/\/www.pondprotect.com\/index.php\/wp-json\/wp\/v2\/media?parent=41"}],"wp:term":[{"taxonomy":"product_cat","embeddable":true,"href":"https:\/\/www.pondprotect.com\/index.php\/wp-json\/wp\/v2\/product_cat?post=41"},{"taxonomy":"product_tag","embeddable":true,"href":"https:\/\/www.pondprotect.com\/index.php\/wp-json\/wp\/v2\/product_tag?post=41"}],"curies":[{"name":"wp","href":"https:\/\/api.w.org\/{rel}","templated":true}]}}